{"id":677,"date":"2024-02-28T15:26:38","date_gmt":"2024-02-28T23:26:38","guid":{"rendered":"https:\/\/nuviglobal.com\/staging\/?page_id=677"},"modified":"2024-03-21T11:51:48","modified_gmt":"2024-03-21T18:51:48","slug":"our-story","status":"publish","type":"page","link":"\/sv\/our-story\/","title":{"rendered":"Nuestra historia"},"content":{"rendered":"<div data-elementor-type=\"wp-page\" data-elementor-id=\"677\" class=\"elementor elementor-677\" data-elementor-settings=\"{&quot;ha_cmc_init_switcher&quot;:&quot;no&quot;}\" data-elementor-post-type=\"page\">\n\t\t\t\t<div class=\"elementor-element elementor-element-283259d e-flex e-con-boxed wpr-particle-no wpr-jarallax-no wpr-parallax-no wpr-sticky-section-no e-con e-parent\" data-id=\"283259d\" data-element_type=\"container\" data-e-type=\"container\" data-settings=\"{&quot;_ha_eqh_enable&quot;:false}\">\n\t\t\t\t\t<div class=\"e-con-inner\">\n\t\t\t\t<div class=\"elementor-element elementor-element-2cee43a elementor-widget elementor-widget-heading\" data-id=\"2cee43a\" data-element_type=\"widget\" data-e-type=\"widget\" data-widget_type=\"heading.default\">\n\t\t\t\t<div class=\"elementor-widget-container\">\n\t\t\t\t\t<h2 class=\"elementor-heading-title elementor-size-default\">Nuestra historia<\/h2>\t\t\t\t<\/div>\n\t\t\t\t<\/div>\n\t\t\t\t\t<\/div>\n\t\t\t\t<\/div>\n\t\t<div class=\"elementor-element elementor-element-03866ff e-flex e-con-boxed wpr-particle-no wpr-jarallax-no wpr-parallax-no wpr-sticky-section-no e-con e-parent\" data-id=\"03866ff\" data-element_type=\"container\" data-e-type=\"container\" data-settings=\"{&quot;_ha_eqh_enable&quot;:false}\">\n\t\t\t\t\t<div class=\"e-con-inner\">\n\t\t\t\t<div class=\"elementor-element elementor-element-96c9aba elementor-widget elementor-widget-image\" data-id=\"96c9aba\" data-element_type=\"widget\" data-e-type=\"widget\" data-widget_type=\"image.default\">\n\t\t\t\t<div class=\"elementor-widget-container\">\n\t\t\t\t\t\t\t\t\t\t\t\t\t\t\t<img fetchpriority=\"high\" decoding=\"async\" width=\"1024\" height=\"683\" src=\"https:\/\/nuviglobal.com\/wp-content\/uploads\/2024\/02\/shutterstock_1117173533-2048x1365-1-1024x683.jpeg\" class=\"attachment-large size-large wp-image-690\" alt=\"\" srcset=\"https:\/\/nuviglobal.com\/wp-content\/uploads\/2024\/02\/shutterstock_1117173533-2048x1365-1-1024x683.jpeg 1024w, https:\/\/nuviglobal.com\/wp-content\/uploads\/2024\/02\/shutterstock_1117173533-2048x1365-1-300x200.jpeg 300w, https:\/\/nuviglobal.com\/wp-content\/uploads\/2024\/02\/shutterstock_1117173533-2048x1365-1-768x512.jpeg 768w, https:\/\/nuviglobal.com\/wp-content\/uploads\/2024\/02\/shutterstock_1117173533-2048x1365-1-1536x1024.jpeg 1536w, https:\/\/nuviglobal.com\/wp-content\/uploads\/2024\/02\/shutterstock_1117173533-2048x1365-1-18x12.jpeg 18w, https:\/\/nuviglobal.com\/wp-content\/uploads\/2024\/02\/shutterstock_1117173533-2048x1365-1.jpeg 2048w\" sizes=\"(max-width: 1024px) 100vw, 1024px\" \/>\t\t\t\t\t\t\t\t\t\t\t\t\t\t\t<\/div>\n\t\t\t\t<\/div>\n\t\t\t\t\t<\/div>\n\t\t\t\t<\/div>\n\t\t<div class=\"elementor-element elementor-element-da52536 e-flex e-con-boxed wpr-particle-no wpr-jarallax-no wpr-parallax-no wpr-sticky-section-no e-con e-parent\" data-id=\"da52536\" data-element_type=\"container\" data-e-type=\"container\" data-settings=\"{&quot;_ha_eqh_enable&quot;:false}\">\n\t\t\t\t\t<div class=\"e-con-inner\">\n\t\t\t\t<div class=\"elementor-element elementor-element-7ad15cb elementor-widget elementor-widget-text-editor\" data-id=\"7ad15cb\" data-element_type=\"widget\" data-e-type=\"widget\" data-widget_type=\"text-editor.default\">\n\t\t\t\t<div class=\"elementor-widget-container\">\n\t\t\t\t\t\t\t\t\t<p>Creemos que el cuerpo humano es poderoso y sagrado. Tambi\u00e9n creemos que todo el mundo merece la mejor calidad de vida.<\/p><p>Como defensor de la medicina natural durante m\u00e1s de 20 a\u00f1os, el empresario y director ejecutivo V\u00edctor Ch\u00e1vez ha sido testigo de c\u00f3mo innumerables personas experimentan los incre\u00edbles beneficios de la medicina natural en sus vidas. Armado con este conocimiento, centr\u00f3 sus esfuerzos en resolver un problema que muchos tienen en com\u00fan: no entender c\u00f3mo llevar un estilo de vida saludable de forma natural.<\/p><p>Como resultado, su visi\u00f3n de transformar la salud y el bienestar general comenz\u00f3 a dar sus frutos. Su catalizador: un producto que podr\u00eda atraer a la mayor\u00eda de las personas y proporcionar una soluci\u00f3n alcanzable.<\/p><p>Despu\u00e9s de a\u00f1os de investigaci\u00f3n, descubri\u00f3 que el sistema de regeneraci\u00f3n natural necesita funcionar bien para tener una salud \u00f3ptima. Si los procesos restaurativos naturales funcionan correctamente, el cuerpo puede rejuvenecerse y lograr una mayor salud y bienestar general. Las c\u00e9lulas madre son la clave para esta regeneraci\u00f3n. Durante un per\u00edodo de investigaci\u00f3n y desarrollo en colaboraci\u00f3n con otros cient\u00edficos, nuestro CEO, V\u00edctor Ch\u00e1vez, descubri\u00f3 los ingredientes clave necesarios para la activaci\u00f3n de las c\u00e9lulas madre. En \u00faltima instancia, esto llev\u00f3 a la creaci\u00f3n de StemForte\u00ae, un suplemento de origen bot\u00e1nico que promueve la liberaci\u00f3n de c\u00e9lulas madre adultas del propio cuerpo.<\/p><p>StemForte\u00ae produjo resultados iniciales notables despu\u00e9s de ser distribuido localmente, resultados que no pod\u00edan pasarse por alto. Poco despu\u00e9s naci\u00f3 Nuvi Global, una empresa visionaria con la mirada puesta en llegar a todos los rincones del planeta, ayudando a innumerables personas a mejorar su bienestar, hacerse cargo de su salud y transformar sus vidas, de forma natural.<\/p><p>Nuestra l\u00ednea pura de suplementos nutricionales y tratamientos para el cuidado de la piel totalmente naturales apoyan un envejecimiento saludable, desde adentro y hacia afuera.<\/p><p>Junto con nuestra oportunidad de negocio, usted tiene la capacidad de cambiar dr\u00e1sticamente su vida f\u00edsica y financieramente.<\/p><p>No s\u00f3lo quieres sentirte mejor, quieres sentirte mejor. Para tu familia, para tus amigos y, lo m\u00e1s importante, para ti mismo.<\/p><p>El siguiente paso para <b>transformar tu vida y las de los dem\u00e1s<\/b> con salud y bienestar. <b>Crece tu negocio<\/b> en el proceso. <b>Inspira a otros<\/b> a hacer lo mismo.<\/p>\t\t\t\t\t\t\t\t<\/div>\n\t\t\t\t<\/div>\n\t\t\t\t\t<\/div>\n\t\t\t\t<\/div>\n\t\t<div class=\"elementor-element elementor-element-1b9792b e-flex e-con-boxed wpr-particle-no wpr-jarallax-no wpr-parallax-no wpr-sticky-section-no e-con e-parent\" data-id=\"1b9792b\" data-element_type=\"container\" data-e-type=\"container\" data-settings=\"{&quot;_ha_eqh_enable&quot;:false}\">\n\t\t\t\t\t<div class=\"e-con-inner\">\n\t\t<div class=\"elementor-element elementor-element-0392730 e-con-full e-flex wpr-particle-no wpr-jarallax-no wpr-parallax-no wpr-sticky-section-no e-con e-child\" data-id=\"0392730\" data-element_type=\"container\" data-e-type=\"container\" data-settings=\"{&quot;_ha_eqh_enable&quot;:false}\">\n\t\t\t\t<div class=\"elementor-element elementor-element-6d41526 elementor-widget__width-initial elementor-widget elementor-widget-image\" data-id=\"6d41526\" data-element_type=\"widget\" data-e-type=\"widget\" data-widget_type=\"image.default\">\n\t\t\t\t<div class=\"elementor-widget-container\">\n\t\t\t\t\t\t\t\t\t\t\t\t\t\t\t<img decoding=\"async\" width=\"150\" height=\"150\" src=\"https:\/\/nuviglobal.com\/wp-content\/uploads\/2024\/02\/victor-150x150.png\" class=\"attachment-thumbnail size-thumbnail wp-image-692\" alt=\"\" srcset=\"https:\/\/nuviglobal.com\/wp-content\/uploads\/2024\/02\/victor-150x150.png 150w, https:\/\/nuviglobal.com\/wp-content\/uploads\/2024\/02\/victor-12x12.png 12w, https:\/\/nuviglobal.com\/wp-content\/uploads\/2024\/02\/victor.png 245w\" sizes=\"(max-width: 150px) 100vw, 150px\" \/>\t\t\t\t\t\t\t\t\t\t\t\t\t\t\t<\/div>\n\t\t\t\t<\/div>\n\t\t\t\t<\/div>\n\t\t<div class=\"elementor-element elementor-element-fb1627e e-con-full e-flex wpr-particle-no wpr-jarallax-no wpr-parallax-no wpr-sticky-section-no e-con e-child\" data-id=\"fb1627e\" data-element_type=\"container\" data-e-type=\"container\" data-settings=\"{&quot;_ha_eqh_enable&quot;:false}\">\n\t\t\t\t<div class=\"elementor-element elementor-element-6873e72 elementor-widget elementor-widget-text-editor\" data-id=\"6873e72\" data-element_type=\"widget\" data-e-type=\"widget\" data-widget_type=\"text-editor.default\">\n\t\t\t\t<div class=\"elementor-widget-container\">\n\t\t\t\t\t\t\t\t\t<p>Dr. Victor Chavez<\/p><p>Founder, CEO<\/p>\t\t\t\t\t\t\t\t<\/div>\n\t\t\t\t<\/div>\n\t\t\t\t<\/div>\n\t\t\t\t\t<\/div>\n\t\t\t\t<\/div>\n\t\t\t\t<\/div>","protected":false},"excerpt":{"rendered":"<p>Our Story We believe the human body is powerful and sacred. We also believe that every body deserves the best quality of life. As an advocate of natural medicine for over 20 years, business man and CEO, V\u00edctor Ch\u00e1vez has witnessed countless people experience the amazing benefits of natural medicine in their lives. Armed with this knowledge, he focused his efforts on solving a problem that so many have in common- not understanding how to lead a healthy lifestyle, naturally. As a result, his vision for transforming health and overall wellness began to pay off. His catalyst: a product that could appeal to most people and provide an achievable solution. After years of research, he discovered that the natural regeneration system needs to work well in order to have optimal health. If the natural restorative processes are functioning properly, the body can rejuvenate itself and achieve greater health and overall wellness. Stem cells are the key to this regeneration. During a period of research and development in collaboration with other scientists, our CEO, V\u00edctor Ch\u00e1vez, discovered the key ingredients required for stem cell activation. Ultimately, this led to the creation of StemForte\u00ae, a botanically derived supplement that promotes the release of adult stem cells from the body itself. StemForte\u00ae produced remarkable initial results after being distributed locally-results that couldn&#8217;t be overlooked. Shortly thereafter, Nuvi Global was born, a visionary company with its sights set on reaching all corners of the globe, helping countless people improve their well-being, take charge of their health, and transform their lives, naturally. Our pure line of all-natural nutritional supplements and skincare treatments support healthy aging-from the inside and out. Together with our business opportunity, you have the ability to dramatically change your life physically and financially. You don&#8217;t want to just feel better, you want to feel the best. For your family, for your friends, and most importantly for yourself. Take the next step to transform your life and that of others with health and wellness. Grow a business in the process. Inspire others to do the same. Dr. Victor Chavez Founder, CEO<\/p>","protected":false},"author":2,"featured_media":0,"parent":0,"menu_order":0,"comment_status":"closed","ping_status":"closed","template":"","meta":{"inline_featured_image":false,"site-sidebar-layout":"no-sidebar","site-content-layout":"","ast-site-content-layout":"full-width-container","site-content-style":"default","site-sidebar-style":"default","ast-global-header-display":"","ast-banner-title-visibility":"","ast-main-header-display":"","ast-hfb-above-header-display":"","ast-hfb-below-header-display":"","ast-hfb-mobile-header-display":"","site-post-title":"disabled","ast-breadcrumbs-content":"","ast-featured-img":"disabled","footer-sml-layout":"","ast-disable-related-posts":"","theme-transparent-header-meta":"","adv-header-id-meta":"","stick-header-meta":"","header-above-stick-meta":"","header-main-stick-meta":"","header-below-stick-meta":"","astra-migrate-meta-layouts":"default","ast-page-background-enabled":"default","ast-page-background-meta":{"desktop":{"background-color":"var(--ast-global-color-4)","background-image":"","background-repeat":"repeat","background-position":"center center","background-size":"auto","background-attachment":"scroll","background-type":"","background-media":"","overlay-type":"","overlay-color":"","overlay-opacity":"","overlay-gradient":""},"tablet":{"background-color":"","background-image":"","background-repeat":"repeat","background-position":"center center","background-size":"auto","background-attachment":"scroll","background-type":"","background-media":"","overlay-type":"","overlay-color":"","overlay-opacity":"","overlay-gradient":""},"mobile":{"background-color":"","background-image":"","background-repeat":"repeat","background-position":"center center","background-size":"auto","background-attachment":"scroll","background-type":"","background-media":"","overlay-type":"","overlay-color":"","overlay-opacity":"","overlay-gradient":""}},"ast-content-background-meta":{"desktop":{"background-color":"var(--ast-global-color-5)","background-image":"","background-repeat":"repeat","background-position":"center center","background-size":"auto","background-attachment":"scroll","background-type":"","background-media":"","overlay-type":"","overlay-color":"","overlay-opacity":"","overlay-gradient":""},"tablet":{"background-color":"var(--ast-global-color-5)","background-image":"","background-repeat":"repeat","background-position":"center center","background-size":"auto","background-attachment":"scroll","background-type":"","background-media":"","overlay-type":"","overlay-color":"","overlay-opacity":"","overlay-gradient":""},"mobile":{"background-color":"var(--ast-global-color-5)","background-image":"","background-repeat":"repeat","background-position":"center center","background-size":"auto","background-attachment":"scroll","background-type":"","background-media":"","overlay-type":"","overlay-color":"","overlay-opacity":"","overlay-gradient":""}},"footnotes":""},"class_list":["post-677","page","type-page","status-publish","hentry"],"_links":{"self":[{"href":"\/sv\/wp-json\/wp\/v2\/pages\/677","targetHints":{"allow":["GET"]}}],"collection":[{"href":"\/sv\/wp-json\/wp\/v2\/pages"}],"about":[{"href":"\/sv\/wp-json\/wp\/v2\/types\/page"}],"author":[{"embeddable":true,"href":"\/sv\/wp-json\/wp\/v2\/users\/2"}],"replies":[{"embeddable":true,"href":"\/sv\/wp-json\/wp\/v2\/comments?post=677"}],"version-history":[{"count":6,"href":"\/sv\/wp-json\/wp\/v2\/pages\/677\/revisions"}],"predecessor-version":[{"id":1289,"href":"\/sv\/wp-json\/wp\/v2\/pages\/677\/revisions\/1289"}],"wp:attachment":[{"href":"\/sv\/wp-json\/wp\/v2\/media?parent=677"}],"curies":[{"name":"wp","href":"https:\/\/api.w.org\/{rel}","templated":true}]}}