{"id":724,"date":"2024-02-28T15:26:38","date_gmt":"2024-02-28T23:26:38","guid":{"rendered":"https:\/\/nuviglobal.com\/staging\/?page_id=724"},"modified":"2025-05-06T11:23:36","modified_gmt":"2025-05-06T18:23:36","slug":"science","status":"publish","type":"page","link":"\/dr\/science\/","title":{"rendered":"Ciencia"},"content":{"rendered":"<div data-elementor-type=\"wp-page\" data-elementor-id=\"724\" class=\"elementor elementor-724\" data-elementor-settings=\"{&quot;ha_cmc_init_switcher&quot;:&quot;no&quot;}\" data-elementor-post-type=\"page\">\n\t\t\t\t<div class=\"elementor-element elementor-element-16bab54d e-con-full e-flex wpr-particle-no wpr-jarallax-no wpr-parallax-no wpr-sticky-section-no e-con e-parent\" data-id=\"16bab54d\" data-element_type=\"container\" data-e-type=\"container\" data-settings=\"{&quot;background_background&quot;:&quot;classic&quot;,&quot;_ha_eqh_enable&quot;:false}\">\n\t\t<div class=\"elementor-element elementor-element-17ebfd33 e-flex e-con-boxed wpr-particle-no wpr-jarallax-no wpr-parallax-no wpr-sticky-section-no e-con e-child\" data-id=\"17ebfd33\" data-element_type=\"container\" data-e-type=\"container\" data-settings=\"{&quot;_ha_eqh_enable&quot;:false}\">\n\t\t\t\t\t<div class=\"e-con-inner\">\n\t\t\t\t<div class=\"elementor-element elementor-element-5da5a92 elementor-widget elementor-widget-heading\" data-id=\"5da5a92\" data-element_type=\"widget\" data-e-type=\"widget\" data-widget_type=\"heading.default\">\n\t\t\t\t<div class=\"elementor-widget-container\">\n\t\t\t\t\t<h2 class=\"elementor-heading-title elementor-size-default\">LA CIENCIA DETR\u00c1S DE NUVI GLOBAL<\/h2>\t\t\t\t<\/div>\n\t\t\t\t<\/div>\n\t\t\t\t\t<\/div>\n\t\t\t\t<\/div>\n\t\t\t\t<\/div>\n\t\t<div class=\"elementor-element elementor-element-fa2d153 e-flex e-con-boxed wpr-particle-no wpr-jarallax-no wpr-parallax-no wpr-sticky-section-no e-con e-parent\" data-id=\"fa2d153\" data-element_type=\"container\" data-e-type=\"container\" data-settings=\"{&quot;_ha_eqh_enable&quot;:false}\">\n\t\t\t\t\t<div class=\"e-con-inner\">\n\t\t\t\t<div class=\"elementor-element elementor-element-a4b84cd elementor-widget elementor-widget-text-editor\" data-id=\"a4b84cd\" data-element_type=\"widget\" data-e-type=\"widget\" data-widget_type=\"text-editor.default\">\n\t\t\t\t<div class=\"elementor-widget-container\">\n\t\t\t\t\t\t\t\t\t<p>Nuestro cuerpo es una m\u00e1quina muy intrincada y delicada. Pueden verse afectados por la dieta, el medio ambiente, el paso de los a\u00f1os y otros factores estresantes de la vida moderna.<\/p><p>Pero nuestro cuerpo tambi\u00e9n es resistente y totalmente capaz de repararse, curarse y regenerarse por s\u00ed mismo.<\/p>\t\t\t\t\t\t\t\t<\/div>\n\t\t\t\t<\/div>\n\t\t\t\t<div class=\"elementor-element elementor-element-bfba5a5 elementor-widget elementor-widget-heading\" data-id=\"bfba5a5\" data-element_type=\"widget\" data-e-type=\"widget\" data-widget_type=\"heading.default\">\n\t\t\t\t<div class=\"elementor-widget-container\">\n\t\t\t\t\t<h2 class=\"elementor-heading-title elementor-size-default\"><i>El extraordinario poder de las c\u00e9lulas madre<\/i><\/h2>\t\t\t\t<\/div>\n\t\t\t\t<\/div>\n\t\t\t\t\t<\/div>\n\t\t\t\t<\/div>\n\t\t<div class=\"elementor-element elementor-element-63201bc e-flex e-con-boxed wpr-particle-no wpr-jarallax-no wpr-parallax-no wpr-sticky-section-no e-con e-parent\" data-id=\"63201bc\" data-element_type=\"container\" data-e-type=\"container\" data-settings=\"{&quot;_ha_eqh_enable&quot;:false}\">\n\t\t\t\t\t<div class=\"e-con-inner\">\n\t\t\t\t<div class=\"elementor-element elementor-element-7c1690d elementor-widget elementor-widget-text-editor\" data-id=\"7c1690d\" data-element_type=\"widget\" data-e-type=\"widget\" data-widget_type=\"text-editor.default\">\n\t\t\t\t<div class=\"elementor-widget-container\">\n\t\t\t\t\t\t\t\t\t<p>La clave para lograr una mayor salud y bienestar ya est\u00e1 dentro de nosotros.<\/p>\n<p>El extraordinario poder curativo de nuestro cuerpo puede manifestarse activando de forma natural la regeneraci\u00f3n de las c\u00e9lulas madre del cuerpo.<\/p>\n<p>Las c\u00e9lulas madre son c\u00e9lulas especializadas del cuerpo que, en las condiciones adecuadas, pueden dividirse y transformarse en muchos tipos celulares diferentes, como c\u00e9lulas musculares, c\u00e9lulas de \u00f3rganos o c\u00e9lulas cerebrales.<\/p>\n<p>\u00a1Las pruebas cient\u00edficas demuestran que las c\u00e9lulas madre adultas pueden ayudar a reparar, restaurar y regenerar c\u00e9lulas, tejidos y \u00f3rganos da\u00f1ados, incluida la piel!<\/p>\n<p>Van donde se necesitan, cuando se necesitan, para nutrir las \u00e1reas del cuerpo que exigen vitalidad y reparaci\u00f3n.<\/p>\n<p>Estas poderosas c\u00e9lulas son la materia prima del organismo, es decir, son las \u00abc\u00e9lulas madre\u00bb de las que surgen todas las dem\u00e1s c\u00e9lulas con funciones especializadas.<\/p>\n<p>Los estudios demuestran que el suplemento nutricional adecuado puede ayudar en este proceso al estimular la producci\u00f3n de c\u00e9lulas madre para la reparaci\u00f3n de todo el cuerpo.<\/p>\n<p><\/p>\t\t\t\t\t\t\t\t<\/div>\n\t\t\t\t<\/div>\n\t\t\t\t\t<\/div>\n\t\t\t\t<\/div>\n\t\t<div class=\"elementor-element elementor-element-e6e23b2 e-flex e-con-boxed wpr-particle-no wpr-jarallax-no wpr-parallax-no wpr-sticky-section-no e-con e-parent\" data-id=\"e6e23b2\" data-element_type=\"container\" data-e-type=\"container\" data-settings=\"{&quot;_ha_eqh_enable&quot;:false}\">\n\t\t\t\t\t<div class=\"e-con-inner\">\n\t\t\t\t<div class=\"elementor-element elementor-element-45260f9 elementor-widget elementor-widget-heading\" data-id=\"45260f9\" data-element_type=\"widget\" data-e-type=\"widget\" data-widget_type=\"heading.default\">\n\t\t\t\t<div class=\"elementor-widget-container\">\n\t\t\t\t\t<h2 class=\"elementor-heading-title elementor-size-default\"><i>Una empresa dedicada a la ciencia y la naturaleza<\/i><\/h2>\t\t\t\t<\/div>\n\t\t\t\t<\/div>\n\t\t\t\t\t<\/div>\n\t\t\t\t<\/div>\n\t\t<div class=\"elementor-element elementor-element-6f65440 e-flex e-con-boxed wpr-particle-no wpr-jarallax-no wpr-parallax-no wpr-sticky-section-no e-con e-parent\" data-id=\"6f65440\" data-element_type=\"container\" data-e-type=\"container\" data-settings=\"{&quot;_ha_eqh_enable&quot;:false}\">\n\t\t\t\t\t<div class=\"e-con-inner\">\n\t\t\t\t<div class=\"elementor-element elementor-element-38c1649 elementor-widget elementor-widget-text-editor\" data-id=\"38c1649\" data-element_type=\"widget\" data-e-type=\"widget\" data-widget_type=\"text-editor.default\">\n\t\t\t\t<div class=\"elementor-widget-container\">\n\t\t\t\t\t\t\t\t\t<p>En Nuvi Global, confiamos tanto en el poder curativo de las c\u00e9lulas madre, que hemos construido nuestro negocio, y nuestros productos, dependiendo de sus capacidades.<\/p><p>Piense en las c\u00e9lulas madre como si fueran el propio m\u00e9dico interno del cuerpo, con una completa unidad m\u00e9dica de urgencias trabajando bajo sus \u00f3rdenes, entre bastidores, d\u00eda y noche, 24 horas al d\u00eda, 365 d\u00edas al a\u00f1o.<\/p><p>Pero, como es totalmente posible que uno se puede agotar cuando est\u00e1 tan comprometido con su trabajo, algunos productos de Nuvi Global se han dise\u00f1ado especialmente, utilizando investigaci\u00f3n y desarrollo cient\u00edficos probados, para estimular a\u00fan m\u00e1s la regeneraci\u00f3n y nutrici\u00f3n de las c\u00e9lulas madre adultas.<\/p><p>A continuaci\u00f3n, estas c\u00e9lulas se transportan a las zonas del cuerpo donde m\u00e1s se necesitan para proporcionar los mayores beneficios y lograr la m\u00e1xima recuperaci\u00f3n.<\/p>\t\t\t\t\t\t\t\t<\/div>\n\t\t\t\t<\/div>\n\t\t\t\t\t<\/div>\n\t\t\t\t<\/div>\n\t\t<div class=\"elementor-element elementor-element-d8659df e-flex e-con-boxed wpr-particle-no wpr-jarallax-no wpr-parallax-no wpr-sticky-section-no e-con e-parent\" data-id=\"d8659df\" data-element_type=\"container\" data-e-type=\"container\" data-settings=\"{&quot;_ha_eqh_enable&quot;:false}\">\n\t\t\t\t\t<div class=\"e-con-inner\">\n\t\t<div class=\"elementor-element elementor-element-6cfebae e-con-full e-flex wpr-particle-no wpr-jarallax-no wpr-parallax-no wpr-sticky-section-no e-con e-child\" data-id=\"6cfebae\" data-element_type=\"container\" data-e-type=\"container\" data-settings=\"{&quot;_ha_eqh_enable&quot;:false}\">\n\t\t\t\t<div class=\"elementor-element elementor-element-bb41167 elementor-widget elementor-widget-image\" data-id=\"bb41167\" data-element_type=\"widget\" data-e-type=\"widget\" data-widget_type=\"image.default\">\n\t\t\t\t<div class=\"elementor-widget-container\">\n\t\t\t\t\t\t\t\t\t\t\t\t\t\t\t<img decoding=\"async\" width=\"150\" height=\"150\" src=\"https:\/\/nuviglobal.com\/wp-content\/uploads\/2024\/02\/victor-150x150.png\" class=\"attachment-thumbnail size-thumbnail wp-image-692\" alt=\"\" srcset=\"https:\/\/nuviglobal.com\/wp-content\/uploads\/2024\/02\/victor-150x150.png 150w, https:\/\/nuviglobal.com\/wp-content\/uploads\/2024\/02\/victor-12x12.png 12w, https:\/\/nuviglobal.com\/wp-content\/uploads\/2024\/02\/victor.png 245w\" sizes=\"(max-width: 150px) 100vw, 150px\" \/>\t\t\t\t\t\t\t\t\t\t\t\t\t\t\t<\/div>\n\t\t\t\t<\/div>\n\t\t\t\t<\/div>\n\t\t<div class=\"elementor-element elementor-element-9064d25 e-con-full e-flex wpr-particle-no wpr-jarallax-no wpr-parallax-no wpr-sticky-section-no e-con e-child\" data-id=\"9064d25\" data-element_type=\"container\" data-e-type=\"container\" data-settings=\"{&quot;_ha_eqh_enable&quot;:false}\">\n\t\t\t\t<div class=\"elementor-element elementor-element-73a726f elementor-widget__width-initial elementor-widget elementor-widget-text-editor\" data-id=\"73a726f\" data-element_type=\"widget\" data-e-type=\"widget\" data-widget_type=\"text-editor.default\">\n\t\t\t\t<div class=\"elementor-widget-container\">\n\t\t\t\t\t\t\t\t\t<p><b>Dr. Victor Chavez<\/b><\/p>\n<p>CEO y Fundador<\/p>\t\t\t\t\t\t\t\t<\/div>\n\t\t\t\t<\/div>\n\t\t\t\t<\/div>\n\t\t\t\t\t<\/div>\n\t\t\t\t<\/div>\n\t\t\t\t<\/div>","protected":false},"excerpt":{"rendered":"<p>THE SCIENCE BEHIND NUVI GLOBAL Our bodies are highly intricate and delicate pieces of machinery. They can be affected by diet, the environment, aging and a host of other modern-day stressors. But our bodies are also tough and entirely capable of repair, healing and regeneration. The Extraordinary Power of Stem Cells The answer to achieving promoted health and wellness is already within us. Our bodies&#8217; extraordinary healing power can be revealed by naturally activating the body&#8217;s stem cell regeneration. Stem cells are specialized cells in the body that, given the right conditions, can divide and transform into many different cell types &#8211; such as muscle cells, organ cells or brain cells. Scientific evidence shows us that adult stem cells can help repair, restore and regenerate damaged cells, tissues and organs, including the skin! They go where they are needed, when they are needed, to nourish areas of the body that demand vitality and repair. These powerhouse cells are the body&#8217;s raw materials, meaning they are the &#8220;mother cells&#8221; from which all other cells with specialized functions are crated. Studies show that the right nutritional supplement can help with this process by stimulating the production of stem cells for all &#8211; over body repair. A Company Dedicated to Science and Nature At Nuvi Global, we are so confident in the healing power of stem cells, that we have built our business, and our products, dependent on their abilities. Think of stem cells as the body&#8217;s own internal physician, complete with an entire emergency medical unit working under its command, behind &#8211; the &#8211; scenes, around &#8211; the &#8211; clock, day in and day out, 24\/7\/365. But, because it&#8217;s entirely possible to achieve burnout when one is so committed to its work, select Nuvi Global products were specially designed, utilizing proven scientific research and development, to further stimulate the regeneration and nourishment of adult stem cells. These cells will then travel to areas in the body where they are most needed to provide the greatest benefit for maximum recovery. Dr. Victor Chavez CEO and Founder<\/p>","protected":false},"author":2,"featured_media":0,"parent":0,"menu_order":0,"comment_status":"closed","ping_status":"closed","template":"","meta":{"inline_featured_image":false,"site-sidebar-layout":"no-sidebar","site-content-layout":"","ast-site-content-layout":"full-width-container","site-content-style":"default","site-sidebar-style":"default","ast-global-header-display":"","ast-banner-title-visibility":"","ast-main-header-display":"","ast-hfb-above-header-display":"","ast-hfb-below-header-display":"","ast-hfb-mobile-header-display":"","site-post-title":"disabled","ast-breadcrumbs-content":"","ast-featured-img":"disabled","footer-sml-layout":"","ast-disable-related-posts":"","theme-transparent-header-meta":"","adv-header-id-meta":"","stick-header-meta":"","header-above-stick-meta":"","header-main-stick-meta":"","header-below-stick-meta":"","astra-migrate-meta-layouts":"default","ast-page-background-enabled":"default","ast-page-background-meta":{"desktop":{"background-color":"var(--ast-global-color-4)","background-image":"","background-repeat":"repeat","background-position":"center center","background-size":"auto","background-attachment":"scroll","background-type":"","background-media":"","overlay-type":"","overlay-color":"","overlay-opacity":"","overlay-gradient":""},"tablet":{"background-color":"","background-image":"","background-repeat":"repeat","background-position":"center center","background-size":"auto","background-attachment":"scroll","background-type":"","background-media":"","overlay-type":"","overlay-color":"","overlay-opacity":"","overlay-gradient":""},"mobile":{"background-color":"","background-image":"","background-repeat":"repeat","background-position":"center center","background-size":"auto","background-attachment":"scroll","background-type":"","background-media":"","overlay-type":"","overlay-color":"","overlay-opacity":"","overlay-gradient":""}},"ast-content-background-meta":{"desktop":{"background-color":"var(--ast-global-color-5)","background-image":"","background-repeat":"repeat","background-position":"center center","background-size":"auto","background-attachment":"scroll","background-type":"","background-media":"","overlay-type":"","overlay-color":"","overlay-opacity":"","overlay-gradient":""},"tablet":{"background-color":"var(--ast-global-color-5)","background-image":"","background-repeat":"repeat","background-position":"center center","background-size":"auto","background-attachment":"scroll","background-type":"","background-media":"","overlay-type":"","overlay-color":"","overlay-opacity":"","overlay-gradient":""},"mobile":{"background-color":"var(--ast-global-color-5)","background-image":"","background-repeat":"repeat","background-position":"center center","background-size":"auto","background-attachment":"scroll","background-type":"","background-media":"","overlay-type":"","overlay-color":"","overlay-opacity":"","overlay-gradient":""}},"footnotes":""},"class_list":["post-724","page","type-page","status-publish","hentry"],"_links":{"self":[{"href":"\/dr\/wp-json\/wp\/v2\/pages\/724","targetHints":{"allow":["GET"]}}],"collection":[{"href":"\/dr\/wp-json\/wp\/v2\/pages"}],"about":[{"href":"\/dr\/wp-json\/wp\/v2\/types\/page"}],"author":[{"embeddable":true,"href":"\/dr\/wp-json\/wp\/v2\/users\/2"}],"replies":[{"embeddable":true,"href":"\/dr\/wp-json\/wp\/v2\/comments?post=724"}],"version-history":[{"count":22,"href":"\/dr\/wp-json\/wp\/v2\/pages\/724\/revisions"}],"predecessor-version":[{"id":25011,"href":"\/dr\/wp-json\/wp\/v2\/pages\/724\/revisions\/25011"}],"wp:attachment":[{"href":"\/dr\/wp-json\/wp\/v2\/media?parent=724"}],"curies":[{"name":"wp","href":"https:\/\/api.w.org\/{rel}","templated":true}]}}