{"id":718,"date":"2024-02-28T15:26:38","date_gmt":"2024-02-28T23:26:38","guid":{"rendered":"https:\/\/nuviglobal.com\/staging\/?page_id=718"},"modified":"2024-03-21T11:55:55","modified_gmt":"2024-03-21T18:55:55","slug":"why-us","status":"publish","type":"page","link":"\/dr\/why-us\/","title":{"rendered":"\u00bfPor que nosotros?"},"content":{"rendered":"<div data-elementor-type=\"wp-page\" data-elementor-id=\"718\" class=\"elementor elementor-718\" data-elementor-settings=\"{&quot;ha_cmc_init_switcher&quot;:&quot;no&quot;}\" data-elementor-post-type=\"page\">\n\t\t\t\t<div class=\"elementor-element elementor-element-16c0dab e-flex e-con-boxed wpr-particle-no wpr-jarallax-no wpr-parallax-no wpr-sticky-section-no e-con e-parent\" data-id=\"16c0dab\" data-element_type=\"container\" data-e-type=\"container\" data-settings=\"{&quot;_ha_eqh_enable&quot;:false}\">\n\t\t\t\t\t<div class=\"e-con-inner\">\n\t\t<div class=\"elementor-element elementor-element-104da75 e-con-full e-flex wpr-particle-no wpr-jarallax-no wpr-parallax-no wpr-sticky-section-no e-con e-child\" data-id=\"104da75\" data-element_type=\"container\" data-e-type=\"container\" data-settings=\"{&quot;_ha_eqh_enable&quot;:false}\">\n\t\t\t\t<div class=\"elementor-element elementor-element-41b234d elementor-widget elementor-widget-image\" data-id=\"41b234d\" data-element_type=\"widget\" data-e-type=\"widget\" data-widget_type=\"image.default\">\n\t\t\t\t<div class=\"elementor-widget-container\">\n\t\t\t\t\t\t\t\t\t\t\t\t\t\t\t<img fetchpriority=\"high\" decoding=\"async\" width=\"570\" height=\"427\" src=\"https:\/\/nuviglobal.com\/wp-content\/uploads\/2024\/02\/shutterstock_703820653-scaled-e1585942205522-570x427-1.jpeg\" class=\"attachment-large size-large wp-image-720\" alt=\"\" srcset=\"https:\/\/nuviglobal.com\/wp-content\/uploads\/2024\/02\/shutterstock_703820653-scaled-e1585942205522-570x427-1.jpeg 570w, https:\/\/nuviglobal.com\/wp-content\/uploads\/2024\/02\/shutterstock_703820653-scaled-e1585942205522-570x427-1-300x225.jpeg 300w, https:\/\/nuviglobal.com\/wp-content\/uploads\/2024\/02\/shutterstock_703820653-scaled-e1585942205522-570x427-1-16x12.jpeg 16w\" sizes=\"(max-width: 570px) 100vw, 570px\" \/>\t\t\t\t\t\t\t\t\t\t\t\t\t\t\t<\/div>\n\t\t\t\t<\/div>\n\t\t\t\t<\/div>\n\t\t<div class=\"elementor-element elementor-element-b555339 e-con-full e-flex wpr-particle-no wpr-jarallax-no wpr-parallax-no wpr-sticky-section-no e-con e-child\" data-id=\"b555339\" data-element_type=\"container\" data-e-type=\"container\" data-settings=\"{&quot;_ha_eqh_enable&quot;:false}\">\n\t\t\t\t<div class=\"elementor-element elementor-element-db4d225 elementor-widget elementor-widget-heading\" data-id=\"db4d225\" data-element_type=\"widget\" data-e-type=\"widget\" data-widget_type=\"heading.default\">\n\t\t\t\t<div class=\"elementor-widget-container\">\n\t\t\t\t\t<h2 class=\"elementor-heading-title elementor-size-default\">\u00bfPor que nosotros?<\/h2>\t\t\t\t<\/div>\n\t\t\t\t<\/div>\n\t\t\t\t<div class=\"elementor-element elementor-element-a35b53d elementor-widget elementor-widget-text-editor\" data-id=\"a35b53d\" data-element_type=\"widget\" data-e-type=\"widget\" data-widget_type=\"text-editor.default\">\n\t\t\t\t<div class=\"elementor-widget-container\">\n\t\t\t\t\t\t\t\t\t<p>Se puede lograr una salud y un bienestar \u00f3ptimos con una soluci\u00f3n que sea rentable y derivada de la naturaleza.<\/p><p>Se ha demostrado que nuestros productos transforman los signos del envejecimiento prematuro, por dentro y por fuera. Ofrecemos una alternativa asequible y totalmente natural a la medicina moderna que est\u00e1 respaldada por la ciencia y obtiene resultados reales.<\/p>\t\t\t\t\t\t\t\t<\/div>\n\t\t\t\t<\/div>\n\t\t\t\t<div class=\"elementor-element elementor-element-05322bc elementor-widget elementor-widget-text-editor\" data-id=\"05322bc\" data-element_type=\"widget\" data-e-type=\"widget\" data-widget_type=\"text-editor.default\">\n\t\t\t\t<div class=\"elementor-widget-container\">\n\t\t\t\t\t\t\t\t\t<ul><li>Totalmente natural: solo utilizamos ingredientes de la m\u00e1s alta calidad que se encuentran en la naturaleza para brindar recuperaci\u00f3n, alivio, regeneraci\u00f3n y transformaci\u00f3n con beneficios antienvejecimiento.<\/li><li>Un valor justo: nuestro objetivo es ofrecer el producto m\u00e1s eficaz a un costo asequible, para que se adapte al estilo de vida de cualquier persona.<\/li><li>Obtiene resultados: Las investigaciones muestran que quienes siguen un r\u00e9gimen diario que incluye el uso regular de nuestros productos exhiben una transformaci\u00f3n en la salud y el bienestar general.<\/li><\/ul>\t\t\t\t\t\t\t\t<\/div>\n\t\t\t\t<\/div>\n\t\t\t\t<\/div>\n\t\t\t\t\t<\/div>\n\t\t\t\t<\/div>\n\t\t\t\t<\/div>","protected":false},"excerpt":{"rendered":"<p>Why Us? Optimal health and wellness can be achieved with a solution that is both cost-effective and derived from nature. Our products are proven to transform the signs of premature aging-inside and out. We offer and affordable, all-natural alternative to modern medicine that is backed by science and gets real results. All Natural: We only use the highest quality ingredients found in nature to provide recovery, relief, regeneration and transformation with anti-aging benefits. A Fair Value: Our goal is to deliver the most effective product at an affordable cost, so that it can fit into anyone&#8217;s lifestyle. Gets Results: Research shows that those who follow a daily regimen that includes the regular use of our products, exhibit a transformation in overall health and wellness.<\/p>","protected":false},"author":2,"featured_media":0,"parent":0,"menu_order":0,"comment_status":"closed","ping_status":"closed","template":"","meta":{"inline_featured_image":false,"site-sidebar-layout":"no-sidebar","site-content-layout":"","ast-site-content-layout":"full-width-container","site-content-style":"default","site-sidebar-style":"default","ast-global-header-display":"","ast-banner-title-visibility":"","ast-main-header-display":"","ast-hfb-above-header-display":"","ast-hfb-below-header-display":"","ast-hfb-mobile-header-display":"","site-post-title":"disabled","ast-breadcrumbs-content":"","ast-featured-img":"disabled","footer-sml-layout":"","ast-disable-related-posts":"","theme-transparent-header-meta":"","adv-header-id-meta":"","stick-header-meta":"","header-above-stick-meta":"","header-main-stick-meta":"","header-below-stick-meta":"","astra-migrate-meta-layouts":"default","ast-page-background-enabled":"default","ast-page-background-meta":{"desktop":{"background-color":"var(--ast-global-color-4)","background-image":"","background-repeat":"repeat","background-position":"center center","background-size":"auto","background-attachment":"scroll","background-type":"","background-media":"","overlay-type":"","overlay-color":"","overlay-opacity":"","overlay-gradient":""},"tablet":{"background-color":"","background-image":"","background-repeat":"repeat","background-position":"center center","background-size":"auto","background-attachment":"scroll","background-type":"","background-media":"","overlay-type":"","overlay-color":"","overlay-opacity":"","overlay-gradient":""},"mobile":{"background-color":"","background-image":"","background-repeat":"repeat","background-position":"center center","background-size":"auto","background-attachment":"scroll","background-type":"","background-media":"","overlay-type":"","overlay-color":"","overlay-opacity":"","overlay-gradient":""}},"ast-content-background-meta":{"desktop":{"background-color":"var(--ast-global-color-5)","background-image":"","background-repeat":"repeat","background-position":"center center","background-size":"auto","background-attachment":"scroll","background-type":"","background-media":"","overlay-type":"","overlay-color":"","overlay-opacity":"","overlay-gradient":""},"tablet":{"background-color":"var(--ast-global-color-5)","background-image":"","background-repeat":"repeat","background-position":"center center","background-size":"auto","background-attachment":"scroll","background-type":"","background-media":"","overlay-type":"","overlay-color":"","overlay-opacity":"","overlay-gradient":""},"mobile":{"background-color":"var(--ast-global-color-5)","background-image":"","background-repeat":"repeat","background-position":"center center","background-size":"auto","background-attachment":"scroll","background-type":"","background-media":"","overlay-type":"","overlay-color":"","overlay-opacity":"","overlay-gradient":""}},"footnotes":""},"class_list":["post-718","page","type-page","status-publish","hentry"],"_links":{"self":[{"href":"\/dr\/wp-json\/wp\/v2\/pages\/718","targetHints":{"allow":["GET"]}}],"collection":[{"href":"\/dr\/wp-json\/wp\/v2\/pages"}],"about":[{"href":"\/dr\/wp-json\/wp\/v2\/types\/page"}],"author":[{"embeddable":true,"href":"\/dr\/wp-json\/wp\/v2\/users\/2"}],"replies":[{"embeddable":true,"href":"\/dr\/wp-json\/wp\/v2\/comments?post=718"}],"version-history":[{"count":10,"href":"\/dr\/wp-json\/wp\/v2\/pages\/718\/revisions"}],"predecessor-version":[{"id":1295,"href":"\/dr\/wp-json\/wp\/v2\/pages\/718\/revisions\/1295"}],"wp:attachment":[{"href":"\/dr\/wp-json\/wp\/v2\/media?parent=718"}],"curies":[{"name":"wp","href":"https:\/\/api.w.org\/{rel}","templated":true}]}}